{"id":224,"date":"2025-09-23T07:15:51","date_gmt":"2025-09-23T07:15:51","guid":{"rendered":"http:\/\/kuu-mosor.hr\/2025\/?page_id=224"},"modified":"2025-09-27T15:36:58","modified_gmt":"2025-09-27T15:36:58","slug":"dani-ive-marijanovica","status":"publish","type":"page","link":"http:\/\/kuu-mosor.hr\/2025\/?page_id=224","title":{"rendered":"Dani Ive Marijanovi\u0107a"},"content":{"rendered":"\n\n\n\n\n\n\n\n\n\n\n\n\n\n\n\n\n\n\n\n\n\n\n\n\n\n\n\n\n\n\n\n\n\n\n\n\n\n\n\n<p>od 2006<\/p>\n\n\n<p>Op\u0107enito o doga\u0111aju<\/p>\nDani Ive Marjanovi\u0107a je naziv gatskog kulturnog ljeta koje je za\u017eivjelo 2006. g. To je ljetna kulturna manifestacija u \u010dijem stvaranju sudjeluje gotovo cijelo mjesto Gata, a koja se odvija tijekom srpnja i kolovoza. Sastoji se od dramskih, glazbenih, klapskih, folklornih i ostalih tematskih ve\u010deri.<br>\nCilj osnivanja bilo je ciljem o\u017eivljavanja polji\u010dkog seoskog \u017eivota, odnosno. U me\u00f0uvremenu, prerasli su prvotnu namjenu te postali i dru\u0161tveno i turisti\u010dki prepoznatljiv brend. Ova manifestacija odvija se na razli\u010ditim lokacijama diljem sela Gata. <br><br>Rije\u010d je o vrlo atraktivnim lokalitetima koji su svojevrsno kulturno dobro lokalne zajednice. Dramski programi naj\u010de\u0161\u0107e se odvijaju u zaseoku Kuva\u010di\u0107i, u na\u0161oj veloj varo\u0161i, na malom trgu izme\u0111u kamenih ku\u0107a. Do\u017eivljaj prostora je specifikum jer gledatelj biva uvu\u010den u su\u017eivot male lokalne zajednice kroz kulturni program i dru\u017eenje. Jedna od lokacija je i starohrvatsko Sveti\u0161te Gospe od Smova &#8211; Gospa od Uza\u0161a\u0161\u0107a gdje se redovito odvija dje\u010dja radionica i lutkarska predstava. Vrlo atraktivno je i staro etno-eko selo Sko\u010dibe gdje nitko ne \u017eivi ve\u0107 desetlje\u0107ima, a na svojoj \u201e\u0160kali\u201c ugostilo je dramske dru\u017eine i profesionalce splitskog Hrvatskog narodnog kazali\u0161ta. Ostale ve\u010deri se odvijaju kod spomenika biranju velikog polji\u010dkog kneza i kod iskopina crkve sv. Ciprijana iz 6. st.- rije\u010d je o ve\u010deri za\u0161ti\u0107ene nematerijalne ba\u0161tine pod UNESCO-m. <br><br>\nJo\u0161 jedan cilj osnivanja bila je promocija tradicionalnih specijaliteta pa nema ve\u010deri na na\u0161em ljetu, a da se ne dijeli polji\u010dki soparnik i ostale doma\u0107e slastice. Gatsko kulturno ljeto ve\u0107 2 desetlje\u0107a brine i o o\u010duvanju i prezentaciji nematerijalne kulturne ba\u0161tine koja se nalazi na reprezentativnoj listi ba\u0161tine \u010dovje\u010danstva koju popisuje UNESCO. Rije\u010d je o veli\u010danstvenoj trojci: klapskom pjevanju, nijemom kolu (gatsko gluvo kolo) i ojkanju.\n\n\n\n\n\n\n<h2>Povijest manifestacije Gatsko kulturno Ljeto<\/h2>\n<p>Gatsko kulturno ljeto je tijekom proteklih \u010detrnaest godina uistinu preraslo granice ne Poljica,\nne Dalmacije, ve\u0107 Lijepe Na\u0161e. Rije\u010d je o projektu na kojeg svi mo\u017eemo i trebamo biti\nponosni jer je postalo jedno od najva\u017enijih ljetnih manifestacija \u0161ireg podru\u010dja, a posebnost\nkoju ima od po\u010detka, nije izgubilo. Naime, vizija \u010dlanova prvog Izvr\u0161nog odbora se pokazala\nispravnom i postala okosnica svih narednih dana na\u0161eg ljeta \u2013 prirodnu i kulturnu rasko\u0161\ngatskih ljetnih pozornica treba pokazati svijetu i ugostiti raznolike teme i vrste kako bismo svi\nzajedno rasli u prosvjetiteljskom duhu koji ovdje stolje\u0107ima traje i daje. <br><br>Nau\u017eivali smo se\npredstava, koncerata, sportskih pripetavanja, promocija, plesova folklornih virtuoza iz svih\nkrajeva Evrope, filmova, likovnih radionica i mnogo \u010dega drugog, a sve to zahvaljuju\u0107i\nustrajnim \u010dlanovima volonterima Kulturno-umjetni\u010dke udruge ,,Mosor&#39;&#39; iz Gata. Jo\u0161 jedan\nsegmet u nizu mnogih na koji pola\u017eemo naglasak je i promocija tradicionalnih specijaliteta pa\nnema ve\u010deri na na\u0161em ljetu, a da se ne dijeli polji\u010dki soparnik i ostale doma\u0107e slastice.<br><br> Gatsko\nkulturno ljeto ve\u0107 cijelo desetlje\u0107e brine i o o\u010duvanju i prezentaciji nematerijalne kulturne\nba\u0161tine koja se nalazi na reprezentativnoj listi ba\u0161tine \u010dovje\u010danstva koju popisuje UNESCO.\nRije\u010d je o veli\u010danstvenoj trojci: klapskom pjevanju, nijemom kolu (gatsko gluvo kolo) i\nojkanju.\nNa\u0161a ljeta su po\u010dinjala i zavr\u0161avala, vedrila se i obla\u010dila, ali uvijek uz glasno pitanje o\nsadr\u017eaju ovogodi\u0161njeg Gatskog kulturnog ljeta koje je dugi niz godina nosilo ime velikog\nprijatelja i zaslu\u017enika \u0161jor Ive Marjanovi\u0107a. Kako na svijetu samo mijena stalna jest, tako i\nna\u0161e kulturno ljeto mijenja oblike i pojavnosti u nadi da \u0107e svake idu\u0107e godine biti bolje nego\n\u0161to je bilo. Mi smo tu, \u010dekamo i veselimo se svakom novom koraku.<br><\/p>\n\n\n<h2>Program po godinama:<\/h2>\n\n\n\n\n<p>1.\u2013 20. kolovoza\n<br>\n1. kolovoza, Sveti\u0161te Gospe od Smova \u2013 sve\u010dano otvaranje, Oprosti Stipe, monodrama Ilije\nZovka<br>\n6. kolovoza, crkva sv. Ciprijana \u2013 Koncert klasi\u010dne glazbe (Dina \u010covi\u0107, Matea Kuva\u010di\u0107, Toni\nKuva\u010di\u0107, Latica Ani\u0107, Lucija Mrkonji\u0107, Slavo Toma\u0161, Milena Ercegovi\u0107, Marino Tomasovi\u0107,\nLovre Maru\u0161i\u0107 i Franka Kova\u010devi\u0107)<br>\n15. kolovoza, Dom kulture \u2013 Ve\u010der folklora (KUD \u201ePosavac\u201c i KUD \u201eBrodosplit\u201c)\n17. kolovoza, Sveti\u0161te Gospe od Smova \u2013 Milina baklja<br>\n19. kolovoza, Kuva\u010di\u0107i \u2013 Na rubu pameti, monodrama Dragana Despota<br>\n20. kolovoza, Trg sv. Ciprijana \u2013 Ve\u010der folklora, klapske pisme i pu\u010dkih napjeva, sve\u010dano\nzatvaranje<br>\n\nSudionici:<br>\n\nKlapa Pasika Kostanje<br>\nKUD ,,Gornja Poljica&#39;&#39; Srijane<br>\nPu\u010dki pjeva\u010di Tugare<br>\nIlija Zovko<br>\nguslar Ivan Maru\u0161i\u0107<br>\nKlapa Je\u0161ka<br>\nKlapa Li\u0161njak Srinjine<br>\nKUD ,,Dalmacija&#39;&#39; Dugi Rat<br><\/p>\n\n\n\n\n\n\n<p>1. \u2013 18. kolovoza\n<br>\n1. kolovoza, Dom kulture \u2013 sve\u010dano otkrivanje biste pokojnog Ive Marjanovi\u0107a, nastup klape\nPasika iz Kostanja i izvedba Od po\u010dela do rasula, kola\u017e predstava KUU ,,Mosor&#39;&#39; Gata<br>\n4. kolovoza, Kuva\u010di\u0107i \u2013 Potra Iki\u0107 Joku, komedija, HKUD Prolo\u017eac<br>\n10. kolovoza, Sv. Ciprijan \u2013 Koncert klasi\u010dne glazbe (Toni Kuva\u010di\u0107, Lucija Mrkonji\u0107, Duje\nStani\u0107, A. Lelas, Franka Kova\u010devi\u0107, Slavko Toma\u0161, Matea Kuva\u010di\u0107, Lovre Maru\u0161i\u0107, Latica\nAni\u0107)<br>\n12. kolovoza, Sko\u010dibe \u2013 Kako vam drago, studenti glume na Umjetni\u010dkoj akademiji\nu Splitu<br>\n15. kolovoza, Sveti\u0161te Gospe od Smova \u2013 \u017denici, melodrama, Ilija Zovko i Filip Rado\u0161,<br>\n17. kolovoza, Sveti\u0161te Gospe od Smova \u2013 Milina baklja, nastupila Marija Prelas s recitalom,<br>\n18. kolovoza, Trg sv. Ciprijana \u2013 Ve\u010der folklora, klapske pisme i pu\u010dkih napjeva, sve\u010dano\nzatvaranje<br>\nSudionici:<br>\n&#8211; KUD ,,Brodosplit&#39;&#39;, Split<br>\n&#8211; KUD ,,Metkovi\u0107&#39;&#39;<br>\n&#8211; Folklorni ansambl ,,Tempet&#39;&#39;, Makarska<br>\n&#8211; Klapa Li\u0161njak, Srinjine<br>\n&#8211; Pu\u010dki piva\u010di Tugare<br>\n&#8211; Pu\u010dki piva\u010di Dubrava<br>\n<\/p>\n\n\n\n\n\n\n<p>1. \u2013 16. kolovoza<br>\n\n1. kolovoza, Dom kulture \u2013 sve\u010dano otvaranje, izlo\u017eba Moja kolajna akademske slikarice\nIvne Nadra\u010di\u0107 iz Splita, Prodana djevojka, tragedija, KUU ,,Mosor&#39;&#39; Gata<br>\n3. kolovoza, crkva sv. Ciprijana \u2013 Koncert klasi\u010dne glazbe (Toni Kuva\u010di\u0107, Matea Kuva\u010di\u0107,\nLatica Ani\u0107, Ante Dajak, Lovre Maru\u0161i\u0107, Duje Stani\u0107, Marino Tomasovi\u0107, Slavo Toma\u0161)<br>\n5. kolovoza, Sko\u010dibe \u2013 Priredba, monodrama, Ilija Zovko<br>\n10. kolovoza, Kuva\u010di\u0107i &#8211; Tko je bolestan, drama, HKUD Prolo\u017eac<br>\n14. kolovoza, Sveti\u0161te Gospe od Smova \u2013 Zapisi iz nevremena, monodrama, Trpimir Jurki\u0107<br>\n16. kolovoza, Trg sv. Ciprijana \u2013 Ve\u010der folklora, klapske pisme i pu\u010dkih napjeva, sve\u010dano\nzatvaranje<br>\nSudionici:<br>\n\nKUD ,,Dalmacija&#39;&#39; Dugi Rat<br>\nKUD ,,\u0160okadija&#39;&#39; Budrovci<br>\nKlapa Li\u0161njak Srinjine<br>\nKUD ,,Pleter&#39;&#39; Dugopolje<br>\nPu\u010dki piva\u010di Tugare<br>\nKUD\u017d ,,Filip Devi\u0107&#39;&#39;<br>\nPu\u010dki piva\u010di Dubrava<br>\n<\/p>\n\n\n\n\n\n\n<p>1. \u2013 22. kolovoza\n<br>\n1. kolovoza, Kuva\u010di\u0107i \u2013 sve\u010dano otvaranje, Cinco i Marinko, predstava, Danko Lju\u0161tina i\nVedran Mlikota, izlo\u017eba Poljica kroz fotografije Mirka Beovi\u0107a<br>\n7. kolovoza, crkva sv. Ciprijana \u2013 Koncert klasi\u010dne glazbe (Ante Kuva\u010di\u0107, Ivana Kova\u010devi\u0107,\nLatica Ani\u0107, Duje Stani\u0107, Toni Kuva\u010di\u0107, Roko \u0160arac, Marino Tomasovi\u0107, Tomislav\nDamjanovi\u0107, Iva Mihalj, Matea Kuva\u010di\u0107 i Lovre Maru\u0161i\u0107)<br>\n8. kolovoza, Gradac \u2013 Koncert, Klapa hrvatske ratne mornarice &#39;&#39;Sv. Juraj&#39;&#39;<br>\n14. kolovoza, Sveti\u0161te Gospe od Smova \u2013 promocija knjige Polji\u010dki pranas prof. dr. Nedjeljka\nMihanovi\u0107a i projekcija filma Mila Gojsali\u0107a Nevenke Neki\u0107, prof.<br>\n15. kolovoza, Sko\u010dibe \u2013 Nosi nas rijeka, drama, KUU ,,Mosor&#39;&#39; Gata<br>\n22. kolovoza, Trg sv. Ciprijana \u2013 Ve\u010der folklora, klapske pisme i pu\u010dkih napjeva, sve\u010dano\nzatvaranje<br>\nSudionici:<br>\nKUU &#39;&#39;Mosor&#39;&#39; Gata<br>\nKUD &#39;&#39;Marko <br>Markota&#39;&#39; Rogotin<br>\nKUD &#39;&#39;Branimir <br>888&#39;&#39; Mu\u0107<br>\nFolklorna skupina &#39;&#39;Kres&#39;&#39; Novo Mesto, Slovenija<br>\nKlapa Li\u0161njakSrinjine<br>\nPu\u010dki piva\u010di Tugare<br>\nPu\u010dki piva\u010di Dubrava\n<br><\/p>\n\n\n\n\n\n\n<p>1. \u2013 21. kolovoza\n<br>\n1. kolovoza, Kuva\u010di\u0107i \u2013 sve\u010dano otvaranje, Keks i glad, drama, Ka\u0161telansko kazali\u0161te<br>\n4. kolovoza, Sko\u010dibe \u2013 Daj \u010deki\u0107, drama, HKUD Prolo\u017eac<br>\n8. kolovoza, Gradac \u2013 Koncert, Klapa hrvatske ratne mornarice &#39;&#39;Sv. Juraj&#39;&#39;<br>\n14. kolovoza, Sveti\u0161te Gospe od Smova \u2013 Pipo i prijatelji, GKL Split, lutkarska predstava i\ndje\u010dja radionica<br>\n21. kolovoza, Trg sv. Ciprijana \u2013 Ve\u010der folklora, klapske pisme i pu\u010dkih napjeva, sve\u010dano\nzatvaranje<br>\nSudionici:<br>\nKUU \u201eSv. Kliment \u201c Sitno Gornje<br>\nKUU \u201eMosor\u201c Gata<br>\nDje\u010dji zbor Kostanje<br>\nVokalna skupina folklornog ansambla ,,Tempet&#39;&#39; Makarska<br>\nKUD \u201eBrodosplit\u201c Split<br>\nKlapa Kurjo\u017ee Podstrane<br>\nKUD \u201ePosavac\u201c Vrbanja<br>\nHKUD ,,Rama\u201c Rama<br>\nKUD \u201eGlavice\u201c Glavice\n<br><\/p>\n\n\n\n\n\n\n<p>5. \u2013 20. kolovoza\n<br>\n5. kolovoza, Sko\u010dibe \u2013 sve\u010dano otvaranje, Pod Raosovim zvijezdama, recital Trpimir Jurki\u0107<br>\n13.\u00a0kolovoza, Kuva\u010di\u0107i \u2013 Koncert, Klapa Cambi\n14. kolovoza, Sveti\u0161te Gospe od Smova \u2013 Tri ma\u010dke, produkcija Z-Split, lutkarska predstava i\ndje\u010dja radionica<br>\n15. kolovoza, Sportski centar Podgradac \u2013 Ve\u010der Ga\u0107ana, sportsko-zabavna ve\u010der<br>\n20. kolovoza, Trg sv. Ciprijana \u2013 Ve\u010der folklora, klapske pisme i pu\u010dkih napjeva, sve\u010dano\nzatvaranje<br>\nSudionici:<br>\nKUU &#39;&#39;Mosor&#39;&#39; Gata<br>\nVokalna skupina FA Tempet Makarska<br>\nKUD ,,Brodosplit&#39;&#39; Split<br>\nHKUD \u201eRodo\u010d\u201c<br>\nEtno udruga Petrovo polje<br>\n<br<\/p>\n\n\n\n\n\n\n<p>3. \u2013 18. kolovoza\n<br>\n3.\u00a0\u00a0\u00a0kolovoza, Kuva\u010di\u0107i \u2013 sve\u010dano otvaranje, Govorite li hrvatski?, monodrama, Jo\u0161ko \u0160evo<br>\n10. kolovoza, Gradac \u2013 Koncert, Vokalisti Salone<br>\n11. kolovoza, Sko\u010dibe \u2013 \u0160kerac svete Marije, komedija, Kazali\u0161na dru\u017ein Kolarin<br>\n15. kolovoza, Sportski centar Podgradac \u2013 Ve\u010der Ga\u0107ana, sportsko-zabavna ve\u010der<br>\n16. kolovoza., Sveti\u0161te Gospe od Smova \u2013 Kad odrastem bit \u0107u Pipo, GKL Split, likovna\nradionica i lutkarska predstava<br>\n18. kolovoza, Trg sv. Ciprijana \u2013 Ve\u010der folklora, klapske pisme i pu\u010dkih napjeva, sve\u010dano\nzatvaranje<br>\nSudionici:<br>\nKUU &#39;&#39;Mosor&#39;&#39; Gata<br>\nPu\u010dki piva\u010di Tugare<br>\nKlapa Balatura<br>\nKlapa Sv. Florijan<br>\nKUD ,,Dalmacija &#39;&#39; Dugi Rat<br>\nKUD ,,Pleter&#39;&#39; Dugopolje<br>\nKUD ,,Sv. Antun&#39;&#39; Zadobarje<br>\nKUD ,,Brodosplit&#39;&#39; Split\n<br><\/p>\n\n\n\n\n\n\n<p>3. \u2013 18. kolovoza\n<br>\n3. kolovoza, Kuva\u010di\u0107i \u2013 sve\u010dano otvarenje, Testament, komedija, KUU \u201dMosor\u201d \u2013 Gata<br>\n9. kolovoza, crkva sv. Ciprijana \u2013 promocija Gatskog ljetopisa uz nastup u\u010denika OG\u0160\n\u201dLovro pl. Mata\u010di\u0107\u201d (S. Bili\u0107, Z. Trgo i \u017d. Jeri\u0107)<br>\n11. kolovoza, Sko\u010dibe \u2013 Bo\u017ei\u0107na bajka, drama, Sinjsko pu\u010dko kazali\u0161te<br>\n15. kolovoza, Sportski centar Podgradac \u2013 Ve\u010der Ga\u0107ana, sportsko-zabavni program, glazba\nu\u017eivo<br>\n16. kolovoza, Sveti\u0161te Gospe od Smova \u2013 Put oko svijeta, \u201dProdukcija Z\u201d, ikovna radionica i\nlutkarska predstava<br>\n17. kolovoza, Kuva\u010di\u0107i \u2013 Ribarske sva\u0111e, komedija, Kazali\u0161na dru\u017eina Kolarin<br>\n18. kolovoza, Trg sv. Ciprijana \u2013 Ve\u010der folklora, klapske pisme i pu\u010dkih napjeva, sve\u010dano\nzatvaranje\n<br><\/p>\n\n\n\n\n\n\n<p>3. \u2013 16. kolovoza\n<br>\n3. kolovoza, Kuva\u010di\u0107i \u2013 sve\u010dano otvarenje, Kako je New York do\u010dekao Krista, drama, Gradski\ntetar Mali Princ, Omi\u0161<br>\n5. kolovoza, Sko\u010dibe \u2013 Kako \u017eivi narod, projekcija igrano \u2013 dokumentarnog filma<br>\n9. kolovoza Kuva\u010di\u0107i \u2013 Mrtvine, Dramska udruga Most, Trilj<br>\n14. kolovoza, Sveti\u0161te Gospe od Smova \u2013 Put oko svijeta, \u201dProdukcija Z\u201d, likovna radionica i\nlutkarska predstava<br>\n15. kolovoza, Sportski centar Podgradac \u2013 Ve\u010der folklora, klapske pisme i pu\u010dkih napjeva<br>\n\n16. kolovoza, Sportski centar Podgradac \u2013 Ve\u010der Ga\u0107ana, sportsko-zabavni program, sve\u010dano\nzatvaranje, glazba u\u017eivo\n<br><\/p>\n\n\n\n\n\n\n<p>1. \u2013 16. kolovoza\n<br>\n1. kolovoza, Kuva\u010di\u0107i \u2013 sve\u010dano otvaranje, Stranka ljubavi, drama, Gradsko kazali\u0161te Mali\nprinc Omi\u0161, izlo\u017eba fotografija Moj Omi\u0161 Zvonimira Kujund\u017ei\u0107a<br>\n\u00a0\n5. kolovoza, crkva sv. Ciprijana \u2013 Koncert \u017deljana Jeri\u0107 i prijatelji, izlo\u017eba rukotvorina Ante\nBau\u010di\u0107a<br>\n\u00a0\n7. kolovoza, Sveti\u0161te Gospe od Smova \u2013 Dobro je \u010diniti dobro, ,,Produkcija Z&#39;&#39;, dje\u010dja\nradionica i lutkarska predstava<br>\n\u00a0\n8. kolovoza, Sko\u010dibe \u2013 Matrimonjo, predstava, Kazali\u0161na dru\u017eina Kolarin\n\u00a0<br>\n15. kolovoza, Sportski centar Podgradac \u2013 Ve\u010der Ga\u0107ana, sportsko-zabavna ve\u010der<br>\n\u00a0\n16. kolovoza, Trg Sv. Ciprijana \u2013 Ve\u010der folklora, klapske pisme i pu\u010dkih napjeva, sve\u010dano\nzatvaranje.<br>\nSudionici:\nKUU ,,Mosor&#39;&#39; Gata<br>\nKUD ,,Brodosplit&#39;&#39; Split<br>\nPu\u010dki piva\u010di Tugare<br>\nKUD ,,Glavice&#39;&#39; Sinj<br>\nKUD ,,Kvadrilja&#39;&#39; Trogir<br>\nKUD ,,Dalmacija&#39;&#39; Dugi Rat\n<br><\/p>\n\n\n\n\n\n\n<p>30. srpnja \u2013 20. kolovoza\n<br>\n30. srpnja, Sko\u010dibe \u2013 sve\u010dano otvaranje, Pri\u010de iz Vukovara, monodrama, autorski projekt Pere\nEranovi\u0107a<br>\n5. kolovoza, Sveti\u0161te Gospe od Smova \u2013 Veliko putovanje malog pu\u017ea, dje\u010dja radionica i\nlutkarska predstava, Produkcija Z<br>\n7. kolovoza, Kuva\u010di\u0107i \u2013 Kakva nevista, tak&#39;a svekrva, komedija, Dramska udruga Most, Trilj<br>\n14. kolovoza, Sportski centar Podgradac \u2013 Ve\u010der Ga\u0107ana, ve\u010der tradicijskih igara \u2013 seoska\nolimpijada<br>\n20. kolovoza, Trg Sv. Ciprijana \u2013 Ve\u010der folklora, klapske pisme i pu\u010dkih napjeva, sve\u010dano\nzatvaranje<br>\nSudionici:<br>\nKUU ,,Mosor&#39;&#39; Gata<br>\nKUD ,,Posavac&#39;&#39; Vrbanja<br>\nKlapa ,,Besida&#39;&#39; Klis\n<br><\/p>\n\n\n\n\n\n\n<p>30. srpnja \u2013 19. kolovoza\n<br>\n30. srpnja , Sko\u010dibe &#8211; sve\u010dano otvaranje, \u017daba, drama, KUU \u201dMosor\u201d Gata<br>\n4. kolovoza, Kuva\u010di\u0107i \u2013 Ve\u010der klapske pisme, klapa Contra<br>\n12. kolovoza, Sportski centar Podgradac \u2013 Ve\u010der Ga\u0107ana, ve\u010der tradicijskih igara, seoska\nolimpijada<br>\n13. kolovoza, Sveti\u0161te Gospe od Smova \u2013 Tri pri\u010de, dje\u010dja radionica i predstava, Kazali\u0161te\nLicem u lice<br>\n19. kolovoza, Trg Sv. Ciprijana \u2013 Ve\u010der folklora, pu\u010dkih napjeva i klapske pisme, sve\u010dano\nzatvaranje<br>\nSudionici:<br>\nHKC ,,Bunjeva\u010dko kolo&#39;&#39; Subotica\n<br><\/p>\n\n\n\n\n\n\n<p>29. srpnja \u2013 19. kolovoza\n<br>\n29. srpnja, Kuva\u010di\u0107i \u2013 sve\u010dano otvaranje, Roko i Cicibela, predstava, Umjetni\u010dka akademija\nSplit i klapa Oneum<br>\n4. kolovoza, Sportski centar Podgradac \u2013 Dje\u010dja olimpijada<br>\n10. kolovoza, Sveti\u0161te Gospe od Smova \u2013 Pravi prijatelj, ,,Produkcija Z&#39;&#39;, dje\u010dja predstava i\nradionica<br>\n12. kolovoza, Sko\u010dibe \u2013 Metoda za brak, predstava, Hit teatar<br>\n19. kolovoza, Trg sv. Ciprijana \u2013 Ve\u010der folklora, klapske pisme i pu\u010dkih napjeva, sve\u010dano\nzatvaranje<br>\nSudionici:<br>\nSKUD Bra\u0107e Banas Josipovac Punitova\u010dki,<br>\nKUU \u201eMosor\u201c Gata<br>\nKlapa \u017drnovnica, sve\u010dano zatvaranje\n<br><\/p>\n\n\n\n\n\n\n<p>22. srpnja \u2013 17. kolovoza\n<br>\n22. srpnja, Trg sv. Ciprijana \u2013 sve\u010dano otvaranje, \u201eOl smo za jedan dan\u201c predstava, HNK\nSplit<br>\n27. srpnja, Kuva\u010di\u0107i &#8211; Doma\u0161i, drama, Gradsko kazali\u0161te lutaka Split,<br>\n4. kolovoza, Sveti\u0161te Gospe od Smova \u2013 Keko Eko, ,,Produkcija Z&#39;&#39;, dje\u010dja predstava i\nradionica<br>\n9. kolovoza, Sveti\u0161te Gospe od Smova &#8211; Ve\u010der gitare, Glazbena \u0161kola Lovro pl. Mata\u010di\u0107<br>\n11. kolovoza, Sportski centar Podgradac &#8211; Dje\u010dja olimpijada\n<br>\n17.srpnja, Trg sv. Ciprijana &#8211; Ve\u010der folklora, klapske pisme i pu\u010dkih napjeva, sve\u010dano\nzatvaranje<br>\nSudionici:\nFolklorno dru\u0161tvo ,,Usmev <br>Opava&#39;&#39;, Opava \u010ce\u0161ka\nKUU ,,Mosor&#39;&#39; Gata,<br>\nKlapa \u017dmul\n<br><\/p>\n\n\n\n\n\n\n<p>02. kolovoza \u2013 09. kolovoza\n<br>\n02. kolovoza, Trg sv. Ciprijana \u2013 sve\u010dano otvaranje, \u201eFrancuzica\u201c predstava, HNK Split<br>\n04. kolovoza, Trg sv. Ciprijana \u2013 \u201eFrancuzica\u201c predstava, gluma\u010dka dru\u017eina \u201eHistrioni\u201c\nZagreb<br>\n09. kolovoza, Trg sv. Ciprijana \u2013 \u201eUFO\u201c predstava, lutkarsko dru\u0161tvo \u201eZlatousti\u201c Makarska\n<br><\/p>\n\n\n\n\n\n\n<p>01. kolovoza \u2013 20. kolovoza\n<br>\n01 kolovoza, Kuva\u010di\u0107i \u2013 Sve\u010dano otvaranje, predstava \u201eDijete na\u0161eg vremena\u201c, autor\nteksta: Ivana Vukovi\u0107, re\u017eija: Helena Petkovi\u0107, izvedba: Kazali\u0161te Play Drama Split<br>\n04. kolovoza, pored crkve Gospe od Smova, radionica i predstava za djecu \u201eCvr\u010dak i\nmrav\u201c, kazali\u0161te Bumerang<br>\n07. i 08. kolovoza, Trg sv. Ciprijana, te\u010daj i radionice glagoljice<br>\n14. kolovoza Trg sv. Ciprijana, predstava \u201eArt\u201c, Kazali\u0161te Aplauz,<br>\n20. kolovoza Trg sv. Ciprijana ,ve\u010der folklora i klapske pisme.<br>\nSudionici:<br>\nKUD Putalj, Ka\u0161tel Su\u0107urac<br>\nKUU ,,Mosor&#39;&#39; Gata,<br>\nKlapa Salona<br>\n<br><\/p>\n\n\n\n\n\n\n<p>01. kolovoza \u2013 20. kolovoza\n<br>\n30.srpnja 2022, Kuva\u010di\u0107i-Sve\u010dano otvaranje, predstava \u201eSretna ne bila \u201d, izvedba:\nKazali\u0161te PlayDrama -Split<br>\n\n04. kolovoza, Trg svetog Ciprijana, ve\u010der folklora i klapske pisme<br>\nSudionici:<br>\n&#8211; klape Cetinjani i Cetinjanke iz Hrvaca<br>\n&#8211; KUU Ilinden iz Demir Hisara, Sjeverna Makedonija<br>\n&#8211; KUU Mosor Gata<br>\n06. kolovoza, Gata, crkva Gospe od Smova\nRadionica i predstava za djecu \u201eRu\u017eno pa\u010de\u201c &#8211; izvedba Kazali\u0161na dru\u017eina Ivana Brli\u0107 \u2013\nMa\u017eurani\u0107, Slavonski Brod<br>\n14. kolovoza, sportski centar Podgradac -dje\u010dja olimpijada<br>\n16. kolovoza, utorak , 21 sat, Gata, crkva Gospe od Smova-predstava &quot; Zapisi iz\nnevremena&quot; , tekst don Branko Sbutega , izvedba Trpimir Jurki\u0107 , HNK Split\n<br><\/p>\n\n\n\n\n\n\n<p>17. srpnja \u2013 30. srpnja\n<br>\n17. srpnja, Trg svetog Ciprijana, sve\u010dano otvaranje, ve\u010der folklora i klapske pjesme<br>\nSudionici:<br>\n&#8211; ansambl \u201dJUNII BECLEANULUI DE PE OLT\u201d iz Judetul Brasov (Rumunjska),<br>\n&#8211; KUU \u201eMosor\u201d Gata<br>\n\n&#8211; klapa \u0160uferini iz Srinjina<br>\n21.srpnja, Gospe od Smova, dje\u010dja radionica i predstava, umjetni\u010dka organizacija Ritam\nigre, predstava za djecu \u201eKlaunovske ludorije\u201d<br>\n23.srpnja, Gospe od Smova, glazbeni koncert \u201eVe\u010der pod zvijezdama\u201d, produkcija Ivan\nPerak<br>\n\n29.srpnja, Podgradac, dje\u010dja olimpijada\n<br>\n30.srpnja Kuva\u010di\u0107i, KUU \u201eMosor\u201d Gata, predstava \u201eU sudnici&quot; (Mali libar Marka\nUvodi\u0107a Spli\u0107anina)<br>\n<br><\/p>\n\n\n\n\n\n\n<p>27. srpnja \u2013 09. kolovoza\n<br>\n-27. srpnja, Trg svetog Ciprijana . sve\u010dano otvaranje, ve\u010der folklora i klapske pjesme<br>\nSudionici:<br>\nKUU Mosor \u2013 Gata<br>\nKUD ,,Dukat&quot; Svinjarevci,<br>\nKUD ,,lzvor&quot; iz Vinkovaca<br>\n&#8211; 28. srpnja, Trg svetog Ciprijana, koncert klape Sveti Juraj \u2013 Hrvatske ratne mornarice<br>\n-03. kolovoza, radionica za djecu i predstava Mudra glava malog mrava-Produkcija Z<br>\n-04. kolovoza, sportski centar Podgradac, dje\u010dja olimpijada<br>\n-09. kolovoza, Kuva\u010di\u0107i, Slavonski putujuci teatar, predstava ,Vila lala&quot;\n<br><\/p>\n\n\n\n\n\n\n","protected":false},"excerpt":{"rendered":"","protected":false},"author":1,"featured_media":0,"parent":0,"menu_order":0,"comment_status":"closed","ping_status":"closed","template":"","meta":{"pagelayer_contact_templates":[],"_pagelayer_content":"","footnotes":""},"class_list":["post-224","page","type-page","status-publish","hentry"],"_links":{"self":[{"href":"http:\/\/kuu-mosor.hr\/2025\/index.php?rest_route=\/wp\/v2\/pages\/224","targetHints":{"allow":["GET"]}}],"collection":[{"href":"http:\/\/kuu-mosor.hr\/2025\/index.php?rest_route=\/wp\/v2\/pages"}],"about":[{"href":"http:\/\/kuu-mosor.hr\/2025\/index.php?rest_route=\/wp\/v2\/types\/page"}],"author":[{"embeddable":true,"href":"http:\/\/kuu-mosor.hr\/2025\/index.php?rest_route=\/wp\/v2\/users\/1"}],"replies":[{"embeddable":true,"href":"http:\/\/kuu-mosor.hr\/2025\/index.php?rest_route=%2Fwp%2Fv2%2Fcomments&post=224"}],"version-history":[{"count":32,"href":"http:\/\/kuu-mosor.hr\/2025\/index.php?rest_route=\/wp\/v2\/pages\/224\/revisions"}],"predecessor-version":[{"id":519,"href":"http:\/\/kuu-mosor.hr\/2025\/index.php?rest_route=\/wp\/v2\/pages\/224\/revisions\/519"}],"wp:attachment":[{"href":"http:\/\/kuu-mosor.hr\/2025\/index.php?rest_route=%2Fwp%2Fv2%2Fmedia&parent=224"}],"curies":[{"name":"wp","href":"https:\/\/api.w.org\/{rel}","templated":true}]}}