{"id":260,"date":"2025-09-24T08:14:26","date_gmt":"2025-09-24T08:14:26","guid":{"rendered":"http:\/\/kuu-mosor.hr\/2025\/?page_id=260"},"modified":"2025-11-10T07:48:08","modified_gmt":"2025-11-10T07:48:08","slug":"nagrade-i-priznanja","status":"publish","type":"page","link":"http:\/\/kuu-mosor.hr\/2025\/?page_id=260","title":{"rendered":"Nagrade i priznanja"},"content":{"rendered":"\n\n\n\n\n\n<p style=\"text-align: center; font-size: 17px;\"><span style=\"color: rgb(0, 0, 0); font-size: 17px;\">Najbolji dramski amateri u Hrvatskoj, poslani na Smotru dramskih amatera Jugoslavije,\nValjevo.\n <\/span><\/p>\n\n\n<p style=\"text-align: center; font-size: 17px;\"><span style=\"color: rgb(0, 0, 0); font-size: 17px;\">Najbolji dramski amateri u Hrvatskoj, poslani na Smotru dramskih amatera Jugoslavije, Prizren.\n <\/span><\/p>\n\n\n<p style=\"text-align: center; font-size: 17px;\"><span style=\"color: rgb(0, 0, 0); font-size: 17px;\">Nastup na Splitskom ljetu sa predstavom \u201cRasulo Poljica\u201d.\n <\/span><\/p>\n\n\n<p style=\"text-align: center; font-size: 17px;\"><span style=\"color: rgb(0, 0, 0); font-size: 17px;\">Nastup na Splitskom ljetu &#8211; Biranje kneza.\n <\/span><\/p>\n\n\n\n\n<p style=\"text-align: center; font-size: 17px;\"><span style=\"color: rgb(0, 0, 0); font-size: 17px;\">Vara\u017edin, najbolje amatersko dramsko dru\u0161tvo na prvoj smotri kazali\u0161nih amatera u samostalnoj\nRepublici\nHrvatskoj, te osvojene nagrade za najbolju predstavu \u201cOd po\u010dela do rasula\u201d, za najbolju re\u017eiju\n(Ivo\nMarjanovi\u0107) i najbolju glavnu mu\u0161ku ulogu (Vladimir \u010covi\u0107)\n.\n <\/span><\/p>\n\n\n<p style=\"text-align: center; font-size: 17px;\"><span style=\"color: rgb(0, 0, 0); font-size: 17px;\">nastup na Splitskom ljetu &#8211; Prodana djevojka\n\n <\/span><\/p>\n\n\n<p style=\"text-align: center; font-size: 17px;\"><span style=\"color: rgb(0, 0, 0); font-size: 17px;\">Skupna nagrada Grada Omi\u0161a povodom pedesete obljetnice djelovanja\n <\/span><\/p>\n\n\n<p style=\"text-align: center; font-size: 17px;\"><span style=\"color: rgb(0, 0, 0); font-size: 17px;\">Skupna nagrada Grada Omi\u0161a povodom pedesete obljetnice djelovanja\n <\/span><\/p>\n\n\n\n\n<p style=\"text-align: center; font-size: 17px;\"><span style=\"color: rgb(0, 0, 0); font-size: 17px;\">Najbolji na \u017eupanijskoj smotri folklora &#8211; predstavljali Splitsko-dalmatinsku \u017eupaniju na\nMe\u0111unarodnoj smotri\nu Zagrebu.\n <\/span><\/p>\n\n\n<p style=\"text-align: center; font-size: 17px;\"><span style=\"color: rgb(0, 0, 0); font-size: 17px;\">Prodana djevojka najbolja predstava u Splitsko-dalmatinskoj \u017eupaniia, te je osvojila nagradu za\nnajbolju\nglavnu \u017eensku ulogu (Nikolina Radmilo). Predstava se plasirala na dr\u017eavnu smotru.\n2009. Najbolji na \u017eupanijskoj smotri folklora &#8211; predstavljali \u017eupaniju na Vinkova\u010dikm jesenima i\n\u0110akova\u010dkim\nvezovima.\n <\/span><\/p>\n\n\n<p style=\"text-align: center; font-size: 17px;\"><span style=\"color: rgb(0, 0, 0); font-size: 17px;\">Predstava \u201cNosi nas rijeka\u201d je najbolja predstava na \u017eupanijskom smotri dramskih amataera, te\nse plasirala na\nDr\u017eavnu smotru na Hvaru, gdje osvaja nagrade za najbolju glavnu mu\u0161ku ulogu (Ivica\nBorovac) i najbolju\nglavnu \u017eensku ulogu (Biljana Borovac)\n.\n <\/span><\/p>\n\n\n<p style=\"text-align: center; font-size: 17px;\"><span style=\"color: rgb(0, 0, 0); font-size: 17px;\">Najbolji u \u017eupaniji &#8211; predstavljali SD \u017eupaniju na Vinkova\u010dkim jesenima.\n <\/span><\/p>\n\n\n\n\n<p style=\"text-align: center; font-size: 17px;\"><span style=\"color: rgb(0, 0, 0); font-size: 17px;\"> Najbolji u \u017eupaniji &#8211; predstavljali \u017eupaniju na Dr\u017eavnoj smotri folklora u Kutini.\n <\/span><\/p>\n\n\n<p style=\"text-align: center; font-size: 17px;\"><span style=\"color: rgb(0, 0, 0); font-size: 17px;\">Hrvatski sabor kulture dodijelio diplomu KUU ,,Mosor&#39; Gata za 60-godi\u0161nji uspje\u0161an rad na\n\u0161irenju i\nrazvijanju kulturno-umjetni\u010dkog amaterizma i hrvatske kulture te su uru\u010dene diplome i\npetnaestorici \u010dlanova\ns preko 30 godina kontinuiranog rada.\n <\/span><\/p>\n\n\n<p style=\"text-align: center; font-size: 17px;\"><span style=\"color: rgb(0, 0, 0); font-size: 17px;\">Splitsko-dalmatinska \u017eupanija predla\u017ee KUU Mosor na Dje\u010dju dr\u017eavnu smotru u Kutini.\n <\/span><\/p>\n\n\n<p style=\"text-align: center; font-size: 17px;\"><span style=\"color: rgb(0, 0, 0); font-size: 17px;\">Splitsko-dalmatinska \u017eupanija predla\u017ee KUU Mosor na Me\u0111unarodnu smotru Na Neretvu\nmise\u010dina pala,\n <\/span><\/p>\n\n\n\n\n<p style=\"text-align: center; font-size: 17px;\"><span style=\"color: rgb(0, 0, 0); font-size: 17px;\"> Splitsko-dalmatinska \u017eupanija predla\u017ee KUU Mosor na Me\u0111unarodnu smotru Na Neretvu\nmise\u010dina pala.\n <\/span><\/p>\n\n\n<p style=\"text-align: center; font-size: 17px;\"><span style=\"color: rgb(0, 0, 0); font-size: 17px;\">Sudjelovanje na Me\u0111unarodnoj smotri folklora u Zagrebu.\n <\/span><\/p>\n\n\n<p style=\"text-align: center; font-size: 17px;\"><span style=\"color: rgb(0, 0, 0); font-size: 17px;\">Sudjelovanje na \u0110akova\u010dkim vezovima.\n <\/span><\/p>\n\n\n<p style=\"text-align: center; font-size: 17px;\"><span style=\"color: rgb(0, 0, 0); font-size: 17px;\">Sudjelovanje na Dje\u010djim Vinkova\u010dkim jesenima,\n <\/span><\/p>\n\n\n\n\n<p style=\"text-align: center; font-size: 17px;\"><span style=\"color: rgb(0, 0, 0); font-size: 17px;\">Predstava \u201c\u017daba\u201d na \u017eupanijskoj smotri kazali\u0161nih amatera osvaja nagradu za najbolju re\u017eiju\n(Biljana\nBorovac).\n <\/span><\/p>\n\n\n<p style=\"text-align: center; font-size: 17px;\"><span style=\"color: rgb(0, 0, 0); font-size: 17px;\">Predstava \u201cTestament\u201d progla\u0161ena najboljom na \u017eupanijskoj smotri koja odr\u017eana u Ka\u0161telima.\nTako\u0111er osvajamo nagradu za najbolju glavnu mu\u0161ku ulogu (Bo\u017eidar Borovac), najbolju scenografiju i\nnajstarijeg glumca (Zdravko Proso), te se predstava plasirala na dr\u017eavnu smotru u Vodice. Na dr\u017eavnoj\n\nsmotri glumci Bo\u017eidar Borovac i Ivica Borovac nominirani su (me\u0111u 3 kandidata) za najbolje\namaterske glumce.\n <\/span><\/p>\n\n\n<p style=\"text-align: center; font-size: 17px;\"><span style=\"color: rgb(0, 0, 0); font-size: 17px;\">Na \u017eupanijskoj smotri dje\u010djeg folklora osvojili prvo mjesto i te smo kao predstavnici Splitsko-\ndalmatinske \u017eupanije poslani na dr\u017eavnu smotru dje\u010djeg folklora u Kutinu gdje tako\u0111er osvajamo prvo\nmjesto (zlatnu medalju).\n <\/span><\/p>\n\n\n<p style=\"text-align: center; font-size: 17px;\"><span style=\"color: rgb(0, 0, 0); font-size: 17px;\">Na \u017eupanijskoj smotri osvojili prvo mjesto, te smo poslani na dr\u017eavnu smotru \u201cVinkova\u010dke\njeseni\u201d kao predstavnici Splitsko-dalmatinske \u017eupanije.\n <\/span><\/p>\n\n\n\n\n<p style=\"text-align: center; font-size: 17px;\"><span style=\"color: rgb(0, 0, 0); font-size: 17px;\">Obilje\u017eavanje 100 godina amaterskog kazali\u0161ta u Gatima (izdavanje prigodne monografije), te\n65 godina postojanja Udruge,\n <\/span><\/p>\n\n\n<p style=\"text-align: center; font-size: 17px;\"><span style=\"color: rgb(0, 0, 0); font-size: 17px;\">dobitnici smo Skupne nagrade Grada Omi\u0161a za 65 godina aktivnog rada.\n <\/span><\/p>\n\n\n<p style=\"text-align: center; font-size: 17px;\"><span style=\"color: rgb(0, 0, 0); font-size: 17px;\">dobitnici smo nagrade Splitsko-dalmatinske \u017eupanije za zasluge u promicanju kulture i ba\u0161tine\n <\/span><\/p>\n\n\n<p style=\"text-align: center; font-size: 17px;\"><span style=\"color: rgb(0, 0, 0); font-size: 17px;\">Na \u017eupanijskoj smotri osvojili prvo mjesto, te smo poslani na dr\u017eavnu smotru \u201cVinkova\u010dke\njeseni\u201d kao predstavnici Splitsko-dalmatinske \u017eupanije.\n <\/span><\/p>\n\n\n\n\n<p style=\"text-align: center; font-size: 17px;\"><span style=\"color: rgb(0, 0, 0); font-size: 17px;\">Susret hrvatskih folklornih ansambala i izvornih skupina \u017dupanja- 1. nagrada stru\u010dnog \u017eirija u\nkategoriji izvornog folklora.\n <\/span><\/p>\n\n\n<p style=\"text-align: center; font-size: 17px;\"><span style=\"color: rgb(0, 0, 0); font-size: 17px;\">Sudjelovanje na Vinkova\u010dkim jesenima kao predstavnici Hrvatskog Sabora kulture.\n <\/span><\/p>\n\n\n<p style=\"text-align: center; font-size: 17px;\"><span style=\"color: rgb(0, 0, 0); font-size: 17px;\">2024. Predstava U sudnici je progla\u0161ena najboljoj predstavom na \u017dupanijskoj smotri kazali\u0161nih\namatera Splitsko-dalmatinske \u017eupanije, te se plasirala na dr\u017eavnu smotru u Vodice, Biljana Borovac je\nosvojila nagradu za najbolju glavnu \u017eensku ulogu\n <\/span><\/p>\n\n\n\n<p style=\"text-align: center; font-size: 17px;\"><span style=\"color: rgb(0, 0, 0); font-size: 17px;\">Predstava U sudnici je izvedena na dr\u017eavnoj smotri kazali\u0161nih amatera u Vodicama, Bla\u017eenko\nBonomi je nominiran za najbolju glavnu mu\u0161ku ulogu, a Bo\u017eidar Borovac nominiran za najbolju\nsporednu mu\u0161ku ulogu\n\n <\/span><\/p>\n<p>Lorem Ipsum has been the industry&#8217;s standard dummy text ever since the 1500s.<\/p>\n\n\n\n\n<p style=\"text-align: center; font-size: 17px;\"><span style=\"color: rgb(0, 0, 0); font-size: 17px;\">Na festivalu komedije u Bjelovaru sudjelujemo sa predstavom U sudnici, te Bla\u017eenko Bonomi\nosvaja nagradu za najbolju glavnu mu\u0161ku ulogu, a Bo\u017eidar Borovac osvaja nagradu za najbolju\nsporednu mu\u0161ku ulogu\n <\/span><\/p>\n\n\n\n<p style=\"text-align: center; font-size: 17px;\"><span style=\"color: rgb(0, 0, 0); font-size: 17px;\">Sve\u010dani prijem u Uredu predsjednika Republike Hrvatske gospodina Zorana Milanovi\u0107a\npovodom obilje\u017eavanja 70 godina aktivnog rada\n\n <\/span><\/p>\n\n\n\n<p style=\"text-align: center; font-size: 17px;\"><span style=\"color: rgb(0, 0, 0); font-size: 17px;\">Predstava \u017daba osvaja nagradu za najbolju predstavu na \u017eupanijskoj smotri kazali\u0161nih amatera\nSplitsko-dalmatinske \u017eupanije, a Biljana Borovac za najbolju re\u017eiju, a Filip O\u010dasi\u0107 za najbolju glavnu\nmu\u0161ku ulogu\n <\/span><\/p>\n\n\n\n<p style=\"text-align: center; font-size: 17px;\"><span style=\"color: rgb(0, 0, 0); font-size: 17px;\">Predstava \u017daba na dr\u017eavnoj smotri u Vodicama, a Filip O\u010dasi\u0107 osvaja nagradu za najbolju\nglavnu mu\u0161ku ulogu\n <\/span><\/p>\n\n\n\n\n\n<p style=\"text-align: center; font-size: 17px;\"><span style=\"color: rgb(0, 0, 0); font-size: 17px;\">Folklorna sekcija sudjelovala je na dr\u017eavnoj smotri u \u010cakovcu kao predstavnici Splitsko-\ndalmatinske \u017eupanije\n <\/span><\/p>\n\n\n\n\n\n\n\n\n\n\n\n","protected":false},"excerpt":{"rendered":"","protected":false},"author":1,"featured_media":0,"parent":0,"menu_order":0,"comment_status":"closed","ping_status":"closed","template":"","meta":{"pagelayer_contact_templates":[],"_pagelayer_content":"","footnotes":""},"class_list":["post-260","page","type-page","status-publish","hentry"],"_links":{"self":[{"href":"http:\/\/kuu-mosor.hr\/2025\/index.php?rest_route=\/wp\/v2\/pages\/260","targetHints":{"allow":["GET"]}}],"collection":[{"href":"http:\/\/kuu-mosor.hr\/2025\/index.php?rest_route=\/wp\/v2\/pages"}],"about":[{"href":"http:\/\/kuu-mosor.hr\/2025\/index.php?rest_route=\/wp\/v2\/types\/page"}],"author":[{"embeddable":true,"href":"http:\/\/kuu-mosor.hr\/2025\/index.php?rest_route=\/wp\/v2\/users\/1"}],"replies":[{"embeddable":true,"href":"http:\/\/kuu-mosor.hr\/2025\/index.php?rest_route=%2Fwp%2Fv2%2Fcomments&post=260"}],"version-history":[{"count":23,"href":"http:\/\/kuu-mosor.hr\/2025\/index.php?rest_route=\/wp\/v2\/pages\/260\/revisions"}],"predecessor-version":[{"id":810,"href":"http:\/\/kuu-mosor.hr\/2025\/index.php?rest_route=\/wp\/v2\/pages\/260\/revisions\/810"}],"wp:attachment":[{"href":"http:\/\/kuu-mosor.hr\/2025\/index.php?rest_route=%2Fwp%2Fv2%2Fmedia&parent=260"}],"curies":[{"name":"wp","href":"https:\/\/api.w.org\/{rel}","templated":true}]}}