{"id":42,"date":"2025-05-13T08:54:04","date_gmt":"2025-05-13T08:54:04","guid":{"rendered":"http:\/\/kuu-mosor.hr\/2025\/?page_id=42"},"modified":"2025-11-14T23:07:28","modified_gmt":"2025-11-14T23:07:28","slug":"naslovnica","status":"publish","type":"page","link":"http:\/\/kuu-mosor.hr\/2025\/","title":{"rendered":"Naslovnica"},"content":{"rendered":"\n\n\n<h2>Na\u0161e Sekcije<br><\/h2>\n\n\n\n\n\n\n\n\n\n\n\n\n\n\n\n\n\n\n\n\n\n\n\n\n\n\n\n\n\n\n\n\n\n\n\n\n\n\n\n\n\n\n\n\n\n\n\n\n\n\n\n\n\n\n\n\n\n\n\n\n\n\n\n\n\n\n\n\n\n\n\n\n\n\n\n\n\n\n\n\n\n\n\n\n\n\n\n\n\n\n\n\n\n\n\n\n\n\n\n\n\n\n\n\n\n\n\n\n\n\n\n\n\n\n\n\n\n\n\n\n\n\n<h2>Promicanje lokalne <\/h2>\n<h2>tradicije i kulture<\/h2>\n<p><p>Udruga je predvodila o\u010duvanje tradicionalne polji\u010dke narodne glazbe i plesa, koji su sastavni dio identiteta regije Gata. O\u017eivljavanjem tih tradicija osiguravaju da mla\u0111e generacije nastave cijeniti i sudjelovati u njihovoj kulturnoj ba\u0161tini. Mnogi nastupi temelje se na autenti\u010dnim, regionalnim obi\u010dajima koji su se prenosili s generacije na generaciju.<\/p><\/p>\n\n\n\n\n\n\n\n\n{&#8220;rev_slider_title&#8221;:&#8221;&#8221;,&#8221;rev_slider&#8221;:&#8221;1&#8243;,&#8221;rev_slider_homepage&#8221;:&#8221;1&#8243;,&#8221;rev_slider_pages&#8221;:&#8221;&#8221;}\n\n\n\n\n<h2>Na\u0161e manifestacije<br><\/h2>\n\n\n\n\n\n\n\n\nDani Ive\n<p style=\"text-align: center; color: rgb(255, 255, 255);\">Dani Ive Marjanovi\u0107a je naziv gatskog kulturnog ljeta koje je za\u017eivjelo 2006. g. To je ljetna kulturna manifestacija u \u010dijem stvaranju sudjeluje gotovo cijelo mjesto Gata, a koja se odvija tijekom srpnja i kolovoza. Sastoji se od dramskih, glazbenih, klapskih, folklornih i ostalih tematskih ve\u010deri.<\/p>\n\n\n\n\n\n\n\nNo\u0107\n<p style=\"text-align: center; color: rgb(255, 255, 255);\">Kulturno umjetni\u010dka udruga Mosor Gata ponosni je sudionik manifestacije No\u0107 kazali\u0161ta od njenog osnutka u Hrvatskoj! No\u0107 kazali\u0161ta odr\u017eava se svake godine, obi\u010dno tre\u0107e subote u studenom, i predstavlja jedinstvenu prigodu kada kazali\u0161ne daske diljem zemlje o\u017eivljavaju uz slobodan ulaz i poseban program<\/p>\n\n\n\n\n\n\n\nNo\u0107\n<p style=\"text-align: center; color: rgb(255, 255, 255);\">Ve\u0107 niz godina aktivno sudjelujemo u nacionalnoj manifestaciji No\u0107 muzeja. Prvi put smo se uklju\u010dili u program 2016. godine, kada smo organizirali bogat ve\u010dernji program u sklopu No\u0107i muzeja u Gatima \u2013 s razgledavanjem zbirke, glazbenim nastupima i dru\u017eenjem s lokalnom zajednicom.<\/p>\n\n\n\n\n\n\n\nJurjev\n<p style=\"text-align: center; color: rgb(255, 255, 255);\">Svake godine s velikim zadovoljstvom organiziramo manifestaciju Jurjevo u okviru proslave sv. Jure, za\u0161titnika Poljica. Manifestacija se odr\u017eava prvu nedjelju nakon 23. Travnja, dana za\u0161titnika Poljica, odnosno u tu nedjelju ako blagdan sv. Jure pada upravo tada.\n.<\/p>\n\n\n\n\n\n\n\nAdvent\n<p style=\"text-align: center; color: rgb(255, 255, 255);\">Prosina\u010dko vrijeme u Gatima tradicionalno je rezervirano za Advent u Gatima ili sve\u010dani bo\u017ei\u0107ni folklorni koncert KUU Mosor Gata. Ovaj doga\u0111aj predstavlja godi\u0161nji vrhunac rada na\u0161e folklorne sekcije, a od 2024. i od na\u0161e klape \u017di\u017eula, pru\u017eaju\u0107i zajednici nezaboravan kulturni do\u017eivljaj uo\u010di bo\u017ei\u0107nih blagdana.\n.<\/p>\n\n\n\n\n\n\n\n\n\n\n\n\n\nDani Ive\n\n\n\n\n\n\n\nNo\u0107\n\n\n\n\n\n\n\nNo\u0107\n\n\n\n\n\n\n\nJurjev\n\n\n\n\n\n\n\nAdvent\n\n\n\n\n\n\n\n\n\n<h2>Utjecaj i zna\u010daj<\/h2>\n<h2>Osnivanje  i djelovanje<\/h2>\n\n<p>Kulturno-umjetni\u010dka udruga Mosor iz Gata (KUU \u201cMosor\u201d Gata) djeluje od 1954. godine, s jasnom misijom: poticati i razvijati kulturu te o\u010duvati etnografsku i kazali\u0161nu ba\u0161tinu Polji\u010dke republike.<\/p>\n\n\n\nPromicanje lokalne tradicije i kulture\nNarodna glazba i ples\n\n\n\n\nDramske predstave\nPromicanje kulturnog turizma\n\n\n\n<p>Skupina je duboko posve\u0107ena obrazovanju i o\u010duvanju lokalnih obi\u010daja. Imali su klju\u010dnu ulogu u snimanju i dokumentiranju tradicionalnih pjesama, plesova i obi\u010daja prije nego \u0161to riskiraju da budu zaboravljeni. Ovaj rad na o\u010duvanju uklju\u010duje prikupljanje usmenih predaja od starijih \u010dlanova zajednice, od kojih su neki mo\u017eda posljednji \u017eivi nositelji odre\u0111enih kulturnih praks<\/p>\n\n\n\n\n\n\n\n\n\n\n\n\n\n\n\n\n\n\n\n\n\n\n\n\n\n\n\n\n\n\n\n\n\n\n\n\n\n\n\n\n\n\n\n\n\n\n\n\n<p><span style=\"color: #f05c5c;\">Obratite nam se s povjerenjem i iskoristite sve usluge koje nudimo za  dijecu.<\/p>\n\n\n\n\n\n\n\n\n\n\n\n\n\n\n\n\n","protected":false},"excerpt":{"rendered":"","protected":false},"author":1,"featured_media":0,"parent":0,"menu_order":0,"comment_status":"closed","ping_status":"closed","template":"","meta":{"pagelayer_contact_templates":[],"_pagelayer_content":"","footnotes":""},"class_list":["post-42","page","type-page","status-publish","hentry"],"_links":{"self":[{"href":"http:\/\/kuu-mosor.hr\/2025\/index.php?rest_route=\/wp\/v2\/pages\/42","targetHints":{"allow":["GET"]}}],"collection":[{"href":"http:\/\/kuu-mosor.hr\/2025\/index.php?rest_route=\/wp\/v2\/pages"}],"about":[{"href":"http:\/\/kuu-mosor.hr\/2025\/index.php?rest_route=\/wp\/v2\/types\/page"}],"author":[{"embeddable":true,"href":"http:\/\/kuu-mosor.hr\/2025\/index.php?rest_route=\/wp\/v2\/users\/1"}],"replies":[{"embeddable":true,"href":"http:\/\/kuu-mosor.hr\/2025\/index.php?rest_route=%2Fwp%2Fv2%2Fcomments&post=42"}],"version-history":[{"count":158,"href":"http:\/\/kuu-mosor.hr\/2025\/index.php?rest_route=\/wp\/v2\/pages\/42\/revisions"}],"predecessor-version":[{"id":990,"href":"http:\/\/kuu-mosor.hr\/2025\/index.php?rest_route=\/wp\/v2\/pages\/42\/revisions\/990"}],"wp:attachment":[{"href":"http:\/\/kuu-mosor.hr\/2025\/index.php?rest_route=%2Fwp%2Fv2%2Fmedia&parent=42"}],"curies":[{"name":"wp","href":"https:\/\/api.w.org\/{rel}","templated":true}]}}