{"id":43,"date":"2025-05-13T08:54:04","date_gmt":"2025-05-13T08:54:04","guid":{"rendered":"http:\/\/kuu-mosor.hr\/2025\/?page_id=43"},"modified":"2025-11-09T18:35:53","modified_gmt":"2025-11-09T18:35:53","slug":"konakt","status":"publish","type":"page","link":"http:\/\/kuu-mosor.hr\/2025\/?page_id=43","title":{"rendered":"Konakt"},"content":{"rendered":"\n\n\nPolji\u010dka cesta 83 Gata Croatia\n\n\n\n\nUPRAVA UDRUGE\n\n\n\npredsjednik\n\n\ntajnica\n\n\nblagajnica\n\n\n\n\n\n\n<h2>JAVITE NAM SE<\/h2>\n\n<p>UPRAVNI ODBOR UDRUGE\n<br>\nAnte Proso<br>\nTamara Bonomi<br>\nMarija \u010covi\u0107<br>\nJosip Radmilo<br>\nBo\u017eidar Borovac<br>\nJo\u0161ko Radosti\u0107<br>\n\u0110eni \u017duljevi\u0107<br>\nIvan Perdiji\u0107<br>\nAntonela Kri\u017eanac<br>\nRafaela Borovac<br>\nZoran Radosti\u0107\n<\/p>\n<p>Polji\u010dka cesta 83, Gata, Croatia, 21253<\/p>\n<p>00385 95 513 0710<br>00385 98 171 5372\n<\/p>\n<p>kuu.mosor@gmail.com<\/p>\n\n\n\n<div class=\"wpcf7 no-js\" id=\"wpcf7-f52-o1\" lang=\"en-US\" dir=\"ltr\" data-wpcf7-id=\"52\">\n<div class=\"screen-reader-response\"><p role=\"status\" aria-live=\"polite\" aria-atomic=\"true\"><\/p> <ul><\/ul><\/div>\n<form action=\"\/2025\/index.php?rest_route=%2Fwp%2Fv2%2Fpages%2F43#wpcf7-f52-o1\" method=\"post\" class=\"wpcf7-form init\" aria-label=\"Contact form\" novalidate=\"novalidate\" data-status=\"init\">\n<fieldset class=\"hidden-fields-container\"><input type=\"hidden\" name=\"_wpcf7\" value=\"52\" \/><input type=\"hidden\" name=\"_wpcf7_version\" value=\"6.1.4\" \/><input type=\"hidden\" name=\"_wpcf7_locale\" value=\"en_US\" \/><input type=\"hidden\" name=\"_wpcf7_unit_tag\" value=\"wpcf7-f52-o1\" \/><input type=\"hidden\" name=\"_wpcf7_container_post\" value=\"0\" \/><input type=\"hidden\" name=\"_wpcf7_posted_data_hash\" value=\"\" \/>\n<\/fieldset>\n<p><label> Ime<br \/>\n<span class=\"wpcf7-form-control-wrap\" data-name=\"your-name\"><input size=\"40\" maxlength=\"400\" class=\"wpcf7-form-control wpcf7-text wpcf7-validates-as-required\" autocomplete=\"name\" aria-required=\"true\" aria-invalid=\"false\" value=\"\" type=\"text\" name=\"your-name\" \/><\/span> <\/label>\n<\/p>\n<p><label> Email adresa<br \/>\n<span class=\"wpcf7-form-control-wrap\" data-name=\"your-email\"><input size=\"40\" maxlength=\"400\" class=\"wpcf7-form-control wpcf7-email wpcf7-validates-as-required wpcf7-text wpcf7-validates-as-email\" autocomplete=\"email\" aria-required=\"true\" aria-invalid=\"false\" value=\"\" type=\"email\" name=\"your-email\" \/><\/span> <\/label>\n<\/p>\n<p><label> Naslov<br \/>\n<span class=\"wpcf7-form-control-wrap\" data-name=\"your-subject\"><input size=\"40\" maxlength=\"400\" class=\"wpcf7-form-control wpcf7-text wpcf7-validates-as-required\" aria-required=\"true\" aria-invalid=\"false\" value=\"\" type=\"text\" name=\"your-subject\" \/><\/span> <\/label>\n<\/p>\n<p><label> Poruka<br \/>\n<span class=\"wpcf7-form-control-wrap\" data-name=\"your-message\"><textarea cols=\"40\" rows=\"10\" maxlength=\"2000\" class=\"wpcf7-form-control wpcf7-textarea\" aria-invalid=\"false\" name=\"your-message\"><\/textarea><\/span> <\/label>\n<\/p>\n<p><input class=\"wpcf7-form-control wpcf7-submit has-spinner\" type=\"submit\" value=\"Po\u0161alji\" \/>\n<\/p><p style=\"display: none !important;\" class=\"akismet-fields-container\" data-prefix=\"_wpcf7_ak_\"><label>&#916;<textarea name=\"_wpcf7_ak_hp_textarea\" cols=\"45\" rows=\"8\" maxlength=\"100\"><\/textarea><\/label><input type=\"hidden\" id=\"ak_js_1\" name=\"_wpcf7_ak_js\" value=\"191\"\/><script>document.getElementById( \"ak_js_1\" ).setAttribute( \"value\", ( new Date() ).getTime() );<\/script><\/p><div class=\"wpcf7-response-output\" aria-hidden=\"true\"><\/div>\n<\/form>\n<\/div>\n\n\n\n\n\n","protected":false},"excerpt":{"rendered":"","protected":false},"author":1,"featured_media":0,"parent":0,"menu_order":0,"comment_status":"closed","ping_status":"closed","template":"","meta":{"pagelayer_contact_templates":[],"_pagelayer_content":"","footnotes":""},"class_list":["post-43","page","type-page","status-publish","hentry"],"_links":{"self":[{"href":"http:\/\/kuu-mosor.hr\/2025\/index.php?rest_route=\/wp\/v2\/pages\/43","targetHints":{"allow":["GET"]}}],"collection":[{"href":"http:\/\/kuu-mosor.hr\/2025\/index.php?rest_route=\/wp\/v2\/pages"}],"about":[{"href":"http:\/\/kuu-mosor.hr\/2025\/index.php?rest_route=\/wp\/v2\/types\/page"}],"author":[{"embeddable":true,"href":"http:\/\/kuu-mosor.hr\/2025\/index.php?rest_route=\/wp\/v2\/users\/1"}],"replies":[{"embeddable":true,"href":"http:\/\/kuu-mosor.hr\/2025\/index.php?rest_route=%2Fwp%2Fv2%2Fcomments&post=43"}],"version-history":[{"count":18,"href":"http:\/\/kuu-mosor.hr\/2025\/index.php?rest_route=\/wp\/v2\/pages\/43\/revisions"}],"predecessor-version":[{"id":808,"href":"http:\/\/kuu-mosor.hr\/2025\/index.php?rest_route=\/wp\/v2\/pages\/43\/revisions\/808"}],"wp:attachment":[{"href":"http:\/\/kuu-mosor.hr\/2025\/index.php?rest_route=%2Fwp%2Fv2%2Fmedia&parent=43"}],"curies":[{"name":"wp","href":"https:\/\/api.w.org\/{rel}","templated":true}]}}