{"id":592,"date":"2025-10-13T08:37:47","date_gmt":"2025-10-13T08:37:47","guid":{"rendered":"http:\/\/kuu-mosor.hr\/2025\/?page_id=592"},"modified":"2025-11-17T23:46:24","modified_gmt":"2025-11-17T23:46:24","slug":"klapa-zizula","status":"publish","type":"page","link":"http:\/\/kuu-mosor.hr\/2025\/?page_id=592","title":{"rendered":"Klapa \u017di\u017eula"},"content":{"rendered":"\n\n\n\n\n\n\n\nKlapi \u017ei\u017eula\n\nU klapi pjevaju: <br>Nia Ara\u010di\u0107<br>Bruna Ba\u0161i\u0107<br>Ana Tonina Buli\u0107<br>Marijeta \u0106aleta<br>Katarina Drago\u0161evi\u0107<br>\nMarita Pe\u0161i\u0107<br>Manuela Petri\u010devi\u0107<br>Cvita Stani\u0107<br>Nina \u0160kare<br> Jakov \u0160karica<br>Roko \u0160karica<br><br>\nGlazbeni voditelj klape je profesor\u00a0Mijo Stani\u0107\n\n\n<p>\nIako su gotovo svi \u010dlanovi klape zavr\u0161ili obrazovanje u glazbenoj \u0161koli velika \u017eelja njih i\nnjihovog voditelja, prof. Mije Stani\u0107a bila je nastaviti s uspje\u0161nim radom. Stoga od 2024 godine\nklapa djeluje pri Kulturno umjetni\u010dkoj udruzi \u201eMosor\u201c iz Gata.\nU svom dosada\u0161njem djelovanju imali su niz zapa\u017eenih nastupa od kojih izdvajamo nastupe\nna tradicionalnim koncertima povodom dana Grada Omi\u0161a na Trgu dr. Franje Tu\u0111mana, ispod\nlegendarne \u017di\u017eule, 2022. god. kao gosti klape \u201e\u0160ufit\u201c iz Splita i 2024. god. kao gosti legendarne\nklape Trogir na njenom 60. ro\u0111endanu.\n\nNajve\u0107i uspjesi klape su Zlatni omi\u0161ki Grdelin &#8211; prva nagrada stru\u010dnog suda 2024. god. na\nnatjecanju dje\u010djih klapa u Omi\u0161u u kategoriji osnovnih \u0161kola i Srebrni omi\u0161ki Grdelin &#8211; drugu\nnagrada stru\u010dnog suda na istom natjecanju.\nNa natjecanju dje\u010djih klapa u Zadru 2024 godine tako\u0111er su osvojili drugo mjesto. Priloge o\nklapi radila je HRT u emisijama \u201eMore\u201c i \u201eDobro jutro, Hrvatska\u201c, te Nova TV u emisiji \u201eIn\n\nMagazin\u201c. U jesen 2024 godine klapa se uspje\u0161no predstavila i u televizijskom showu\n\u201eSupertalent\u201c, Nove TV.<br><\/p>\n\n\n","protected":false},"excerpt":{"rendered":"","protected":false},"author":1,"featured_media":0,"parent":0,"menu_order":0,"comment_status":"closed","ping_status":"closed","template":"","meta":{"pagelayer_contact_templates":[],"_pagelayer_content":"","footnotes":""},"class_list":["post-592","page","type-page","status-publish","hentry"],"_links":{"self":[{"href":"http:\/\/kuu-mosor.hr\/2025\/index.php?rest_route=\/wp\/v2\/pages\/592","targetHints":{"allow":["GET"]}}],"collection":[{"href":"http:\/\/kuu-mosor.hr\/2025\/index.php?rest_route=\/wp\/v2\/pages"}],"about":[{"href":"http:\/\/kuu-mosor.hr\/2025\/index.php?rest_route=\/wp\/v2\/types\/page"}],"author":[{"embeddable":true,"href":"http:\/\/kuu-mosor.hr\/2025\/index.php?rest_route=\/wp\/v2\/users\/1"}],"replies":[{"embeddable":true,"href":"http:\/\/kuu-mosor.hr\/2025\/index.php?rest_route=%2Fwp%2Fv2%2Fcomments&post=592"}],"version-history":[{"count":6,"href":"http:\/\/kuu-mosor.hr\/2025\/index.php?rest_route=\/wp\/v2\/pages\/592\/revisions"}],"predecessor-version":[{"id":997,"href":"http:\/\/kuu-mosor.hr\/2025\/index.php?rest_route=\/wp\/v2\/pages\/592\/revisions\/997"}],"wp:attachment":[{"href":"http:\/\/kuu-mosor.hr\/2025\/index.php?rest_route=%2Fwp%2Fv2%2Fmedia&parent=592"}],"curies":[{"name":"wp","href":"https:\/\/api.w.org\/{rel}","templated":true}]}}