{"id":646,"date":"2025-10-30T10:11:41","date_gmt":"2025-10-30T10:11:41","guid":{"rendered":"http:\/\/kuu-mosor.hr\/2025\/?page_id=646"},"modified":"2025-10-30T10:18:00","modified_gmt":"2025-10-30T10:18:00","slug":"orkestar-2","status":"publish","type":"page","link":"http:\/\/kuu-mosor.hr\/2025\/?page_id=646","title":{"rendered":"Orkestar"},"content":{"rendered":"\n\n\n\n\n\n\n\nO orkestru\nOrkestar djeluje u dvije grupe: <br>\nMla\u0111a grupa \u2013 u\u010denici osnovno\u0161kolskog uzrasta. <br>\nStarija grupa \u2013 srednjo\u0161kolci i stariji (odrasli \u010dlanovi). <br>\n\n\n<p>S velikim zadovoljstvom i ponosom objavljujemo da je u rujnu 2025. godine osnovan tambura\u0161ko-\nmandolinski orkestar pri KUU \u201eMosor\u201d Gata, pod vodstvom prof. Neno Muniti\u0107, koji posjeduje\ndugogodi\u0161nje iskustvo u radu sa sli\u010dnim orkestrima.\n<br>Za potrebe orkestra instrumenti su djelomi\u010dno nabavljeni kao donacija od Splitskomakarska\nnadbiskupija u suradnji s \u017eupnikom \u017eupe Gata, don Pero Badrov, na \u010demu im ovim putem\niskreno zahvaljujemo.\nI e pozivamo sve zainteresirane \u2013 djecu, mlade i odrasle \u2013 koji vole glazbu, dru\u017eenje i\nzajedni\u0161tvo, da se pridru\u017ee ovom novom glazbenom projektu u na\u0161em dru\u0161tvu. Za dodatne\ninformacije i upise slobodno nas kontaktirajte.<br><br><b>\nVeselimo se zajedni\u010dkom stvaranju glazbe i o\u010duvanju tradicije!<\/b><\/p>\n\n\n","protected":false},"excerpt":{"rendered":"","protected":false},"author":1,"featured_media":0,"parent":0,"menu_order":0,"comment_status":"closed","ping_status":"closed","template":"","meta":{"pagelayer_contact_templates":[],"_pagelayer_content":"","footnotes":""},"class_list":["post-646","page","type-page","status-publish","hentry"],"_links":{"self":[{"href":"http:\/\/kuu-mosor.hr\/2025\/index.php?rest_route=\/wp\/v2\/pages\/646","targetHints":{"allow":["GET"]}}],"collection":[{"href":"http:\/\/kuu-mosor.hr\/2025\/index.php?rest_route=\/wp\/v2\/pages"}],"about":[{"href":"http:\/\/kuu-mosor.hr\/2025\/index.php?rest_route=\/wp\/v2\/types\/page"}],"author":[{"embeddable":true,"href":"http:\/\/kuu-mosor.hr\/2025\/index.php?rest_route=\/wp\/v2\/users\/1"}],"replies":[{"embeddable":true,"href":"http:\/\/kuu-mosor.hr\/2025\/index.php?rest_route=%2Fwp%2Fv2%2Fcomments&post=646"}],"version-history":[{"count":2,"href":"http:\/\/kuu-mosor.hr\/2025\/index.php?rest_route=\/wp\/v2\/pages\/646\/revisions"}],"predecessor-version":[{"id":649,"href":"http:\/\/kuu-mosor.hr\/2025\/index.php?rest_route=\/wp\/v2\/pages\/646\/revisions\/649"}],"wp:attachment":[{"href":"http:\/\/kuu-mosor.hr\/2025\/index.php?rest_route=%2Fwp%2Fv2%2Fmedia&parent=646"}],"curies":[{"name":"wp","href":"https:\/\/api.w.org\/{rel}","templated":true}]}}