{"id":653,"date":"2025-11-05T08:13:02","date_gmt":"2025-11-05T08:13:02","guid":{"rendered":"http:\/\/kuu-mosor.hr\/2025\/?page_id=653"},"modified":"2025-11-05T09:35:28","modified_gmt":"2025-11-05T09:35:28","slug":"noc-muzeja","status":"publish","type":"page","link":"http:\/\/kuu-mosor.hr\/2025\/?page_id=653","title":{"rendered":"No\u0107 muzeja"},"content":{"rendered":"\n\n\n\n\n\n\n\n\n\n\n\n\n\n\n\n\n\n\n\n\n\n\n\n\n\n\n\n\n\n\n\n\n\n\n\n\n\n\n\n<p>od 2016<\/p>\n\n\n<p>Na\u0161a uloga u No\u0107i muzeja \u2013 \u010duvamo tradiciju Poljica<\/p>\nVe\u0107 niz godina aktivno sudjelujemo u nacionalnoj manifestaciji No\u0107 muzeja. Prvi put smo se\nuklju\u010dili u program 2016. godine, kada smo organizirali bogat ve\u010dernji program u sklopu\nNo\u0107i muzeja u Gatima \u2013 s razgledavanjem zbirke, glazbenim nastupima i dru\u017eenjem s\nlokalnom zajednicom. Od tada je na\u0161e sudjelovanje postalo tradicija koju svake godine\noboga\u0107ujemo novim sadr\u017eajima.\n\n\n\n\n\n\n\n<h2>Kultura, zajedni\u0161tvo i ba\u0161tina<\/h2>\n<p>Tijekom proteklih godina svojim smo radom pridonijeli stvaranju posebne atmosfere u\nGatima za vrijeme No\u0107i muzeja. Osmi\u0161ljavamo programe koji povezuju glazbu, obi\u010daje i\npovijest Poljica.\nNa\u0161i posjetitelji mogu u\u017eivati u raznovrsnim sadr\u017eajima:\n\u2022 Razgledavanje etnografske zbirke i upoznavanje s povije\u0161\u0107u Poljica.\n\u2022 Tematske radionice za djecu i odrasle, me\u0111u kojima posebno isti\u010demo radionicu glagoljice\ni igru \u201epolji\u010dka pamtilica\u201c.\n\u2022 Edukativna vodstva o \u017eivotu u starim Poljicima, obi\u010dajima, dotama i svakodnevici.\n\u2022 Kulturno-zabavni program, uz dru\u017eenje i degustaciju tradicionalnog polji\u010dkog specijaliteta\n\u2013 soparnika.<\/p>\n\n\n<h2>Za\u0161to je No\u0107 muzeja va\u017ena za nas i na\u0161u zajednicu<\/h2>\n<p>Za nas, No\u0107 muzeja nije samo kulturni doga\u0111aj \u2013 ona je simbol zajedni\u0161tva. Kroz ovaj\ndoga\u0111aj povezujemo razli\u010dite generacije i poma\u017eemo da kulturna ba\u0161tina Poljica ostane \u017eiva\ni relevantna. Svakom novom No\u0107i muzeja potvr\u0111ujemo svoju ulogu \u010duvara polji\u010dke kulturne\nba\u0161tine i pokreta\u010da kulturnog \u017eivota u na\u0161em selu i \u0161iroj okolici.\nZahvala i na\u0161 kontinuitet\nZahvaljujemo svima koji su tijekom godina pridonijeli organizaciji i realizaciji programa \u2013\nvolonterima, posjetiteljima i prijateljima dru\u0161tva. Vjerujemo da \u0107e No\u0107 muzeja i ubudu\u0107e\nostati jedan od najljep\u0161ih kulturnih doga\u0111aja u Gatima \u2013 ve\u010der u kojoj ba\u0161tina \u017eivi, ljudi se\nsusre\u0107u, a zajedni\u0161tvo raste.<\/p>\n\n\n","protected":false},"excerpt":{"rendered":"","protected":false},"author":1,"featured_media":0,"parent":0,"menu_order":0,"comment_status":"closed","ping_status":"closed","template":"","meta":{"pagelayer_contact_templates":[],"_pagelayer_content":"","footnotes":""},"class_list":["post-653","page","type-page","status-publish","hentry"],"_links":{"self":[{"href":"http:\/\/kuu-mosor.hr\/2025\/index.php?rest_route=\/wp\/v2\/pages\/653","targetHints":{"allow":["GET"]}}],"collection":[{"href":"http:\/\/kuu-mosor.hr\/2025\/index.php?rest_route=\/wp\/v2\/pages"}],"about":[{"href":"http:\/\/kuu-mosor.hr\/2025\/index.php?rest_route=\/wp\/v2\/types\/page"}],"author":[{"embeddable":true,"href":"http:\/\/kuu-mosor.hr\/2025\/index.php?rest_route=\/wp\/v2\/users\/1"}],"replies":[{"embeddable":true,"href":"http:\/\/kuu-mosor.hr\/2025\/index.php?rest_route=%2Fwp%2Fv2%2Fcomments&post=653"}],"version-history":[{"count":3,"href":"http:\/\/kuu-mosor.hr\/2025\/index.php?rest_route=\/wp\/v2\/pages\/653\/revisions"}],"predecessor-version":[{"id":671,"href":"http:\/\/kuu-mosor.hr\/2025\/index.php?rest_route=\/wp\/v2\/pages\/653\/revisions\/671"}],"wp:attachment":[{"href":"http:\/\/kuu-mosor.hr\/2025\/index.php?rest_route=%2Fwp%2Fv2%2Fmedia&parent=653"}],"curies":[{"name":"wp","href":"https:\/\/api.w.org\/{rel}","templated":true}]}}