{"id":672,"date":"2025-11-05T09:37:09","date_gmt":"2025-11-05T09:37:09","guid":{"rendered":"http:\/\/kuu-mosor.hr\/2025\/?page_id=672"},"modified":"2025-11-05T10:12:45","modified_gmt":"2025-11-05T10:12:45","slug":"jurjev-dan","status":"publish","type":"page","link":"http:\/\/kuu-mosor.hr\/2025\/?page_id=672","title":{"rendered":"Jurjev dan"},"content":{"rendered":"\n\n\n\n\n\n\n\nJurjev dan\n\n\n\n<p>\nSvake godine s velikim zadovoljstvom organiziramo manifestaciju Jurjevo u okviru proslave\nsv. Jure, za\u0161titnika Poljica.\nManifestacija se odr\u017eava prvu nedjelju nakon 23. Travnja, dana za\u0161titnika Poljica, odnosno u\ntu nedjelju ako blagdan sv. Jure pada upravo tada.<br><br>\nNa Jurjevu tradicionalno prikazujemo dramske predstave, nekad od dramske sekcije KUU\n\u201cMosor\u201d, a ponekad od prijateljskih udruga s kojima sura\u0111ujemo.\nOsim ve\u010dernjih predstava koje su tradicionalno sastavni dio manifestacije, ponekad\nmanifestaciju oboga\u0107ujemo sa folklornim koncertima ili nekim drugim doga\u0111anjem.<br><br>\nZa nas, Jurjevo je prilika za ja\u010danje zajedni\u0161tva, preno\u0161enje vrijednosti i o\u010duvanje kulturne\nba\u0161tine. Sudjelovanjem i organizacijom ove manifestacije potvr\u0111ujemo svoju ulogu \u010duvara i\npromicatelja tradicije Poljica u na\u0161em selu i \u0161ire.<br><\/p>\n\n\n","protected":false},"excerpt":{"rendered":"","protected":false},"author":1,"featured_media":0,"parent":0,"menu_order":0,"comment_status":"closed","ping_status":"closed","template":"","meta":{"pagelayer_contact_templates":[],"_pagelayer_content":"","footnotes":""},"class_list":["post-672","page","type-page","status-publish","hentry"],"_links":{"self":[{"href":"http:\/\/kuu-mosor.hr\/2025\/index.php?rest_route=\/wp\/v2\/pages\/672","targetHints":{"allow":["GET"]}}],"collection":[{"href":"http:\/\/kuu-mosor.hr\/2025\/index.php?rest_route=\/wp\/v2\/pages"}],"about":[{"href":"http:\/\/kuu-mosor.hr\/2025\/index.php?rest_route=\/wp\/v2\/types\/page"}],"author":[{"embeddable":true,"href":"http:\/\/kuu-mosor.hr\/2025\/index.php?rest_route=\/wp\/v2\/users\/1"}],"replies":[{"embeddable":true,"href":"http:\/\/kuu-mosor.hr\/2025\/index.php?rest_route=%2Fwp%2Fv2%2Fcomments&post=672"}],"version-history":[{"count":3,"href":"http:\/\/kuu-mosor.hr\/2025\/index.php?rest_route=\/wp\/v2\/pages\/672\/revisions"}],"predecessor-version":[{"id":682,"href":"http:\/\/kuu-mosor.hr\/2025\/index.php?rest_route=\/wp\/v2\/pages\/672\/revisions\/682"}],"wp:attachment":[{"href":"http:\/\/kuu-mosor.hr\/2025\/index.php?rest_route=%2Fwp%2Fv2%2Fmedia&parent=672"}],"curies":[{"name":"wp","href":"https:\/\/api.w.org\/{rel}","templated":true}]}}