{"id":683,"date":"2025-11-05T10:13:39","date_gmt":"2025-11-05T10:13:39","guid":{"rendered":"http:\/\/kuu-mosor.hr\/2025\/?page_id=683"},"modified":"2025-11-05T10:21:20","modified_gmt":"2025-11-05T10:21:20","slug":"noc-kazalista","status":"publish","type":"page","link":"http:\/\/kuu-mosor.hr\/2025\/?page_id=683","title":{"rendered":"No\u0107 kazali\u0161ta"},"content":{"rendered":"\n\n\n\n\n\n\n\nNo\u0107 kazali\u0161ta\n\n\n\n<p>\nKulturno umjetni\u010dka udruga Mosor Gata ponosni je sudionik manifestacije No\u0107\nkazali\u0161ta od njenog osnutka u Hrvatskoj!\nNo\u0107 kazali\u0161ta odr\u017eava se svake godine, obi\u010dno tre\u0107e subote u studenom, i\npredstavlja jedinstvenu prigodu kada kazali\u0161ne daske diljem zemlje o\u017eivljavaju uz\nslobodan ulaz i poseban program.<br><br>\nZa nas je to prilika da na\u0161oj vjernoj publici i svim posjetiteljima prika\u017eemo trud i\nentuzijazam ulo\u017een u na\u0161u dramsku sekciju. Osim na\u0161ih predstava uvijek tu bude i\ndrugih amaterskih ili profesionalnih predstava.\nOsim predstava tijekom godina dodavali smo i izlo\u017ebe starih fotografija, promocije\nknjiga, a u pauzama ne fali kola\u010da i soparnika.<br><br>\nCilj nam je te no\u0107i:<br>\n Pro\u0161iriti radost i va\u017enost kazali\u0161ne umjetnosti u na\u0161oj zajednici.<br>\n Predstaviti nove projekte i predstave KUU Mosor Gata.<br>\nStvoriti jo\u0161 jedan doga\u0111aj vrijedan posjeta u srcu Gata.\n<br><br>\nVidimo se pod svjetlima pozornice!<br><\/p>\n\n\n","protected":false},"excerpt":{"rendered":"","protected":false},"author":1,"featured_media":0,"parent":0,"menu_order":0,"comment_status":"closed","ping_status":"closed","template":"","meta":{"pagelayer_contact_templates":[],"_pagelayer_content":"","footnotes":""},"class_list":["post-683","page","type-page","status-publish","hentry"],"_links":{"self":[{"href":"http:\/\/kuu-mosor.hr\/2025\/index.php?rest_route=\/wp\/v2\/pages\/683","targetHints":{"allow":["GET"]}}],"collection":[{"href":"http:\/\/kuu-mosor.hr\/2025\/index.php?rest_route=\/wp\/v2\/pages"}],"about":[{"href":"http:\/\/kuu-mosor.hr\/2025\/index.php?rest_route=\/wp\/v2\/types\/page"}],"author":[{"embeddable":true,"href":"http:\/\/kuu-mosor.hr\/2025\/index.php?rest_route=\/wp\/v2\/users\/1"}],"replies":[{"embeddable":true,"href":"http:\/\/kuu-mosor.hr\/2025\/index.php?rest_route=%2Fwp%2Fv2%2Fcomments&post=683"}],"version-history":[{"count":3,"href":"http:\/\/kuu-mosor.hr\/2025\/index.php?rest_route=\/wp\/v2\/pages\/683\/revisions"}],"predecessor-version":[{"id":691,"href":"http:\/\/kuu-mosor.hr\/2025\/index.php?rest_route=\/wp\/v2\/pages\/683\/revisions\/691"}],"wp:attachment":[{"href":"http:\/\/kuu-mosor.hr\/2025\/index.php?rest_route=%2Fwp%2Fv2%2Fmedia&parent=683"}],"curies":[{"name":"wp","href":"https:\/\/api.w.org\/{rel}","templated":true}]}}